{"id":7736,"date":"2023-01-16T14:56:42","date_gmt":"2023-01-16T13:56:42","guid":{"rendered":"https:\/\/concretimmo.lu\/?page_id=7736"},"modified":"2024-01-23T18:12:01","modified_gmt":"2024-01-23T16:12:01","slug":"estimation","status":"publish","type":"page","link":"https:\/\/concretimmo.lu\/fr\/estimation\/","title":{"rendered":"Estimation"},"content":{"rendered":"\t\t<div data-elementor-type=\"wp-post\" data-elementor-id=\"7736\" class=\"elementor elementor-7736\" data-elementor-post-type=\"page\">\n\t\t\t\t\t\t<section class=\"elementor-section elementor-top-section elementor-element elementor-element-82e1592 elementor-section-boxed elementor-section-height-default elementor-section-height-default\" data-id=\"82e1592\" data-element_type=\"section\" data-e-type=\"section\">\n\t\t\t\t\t\t<div class=\"elementor-container elementor-column-gap-default\">\n\t\t\t\t\t<div class=\"elementor-column elementor-col-100 elementor-top-column elementor-element elementor-element-1d7a22b\" data-id=\"1d7a22b\" data-element_type=\"column\" data-e-type=\"column\">\n\t\t\t<div class=\"elementor-widget-wrap elementor-element-populated\">\n\t\t\t\t\t\t<div class=\"elementor-element elementor-element-85c0912 elementor-widget elementor-widget-heading\" data-id=\"85c0912\" data-element_type=\"widget\" data-e-type=\"widget\" data-widget_type=\"heading.default\">\n\t\t\t\t<div class=\"elementor-widget-container\">\n\t\t\t\t\t<h2 class=\"elementor-heading-title elementor-size-default\">Estimation<\/h2>\t\t\t\t<\/div>\n\t\t\t\t<\/div>\n\t\t\t\t\t<\/div>\n\t\t<\/div>\n\t\t\t\t\t<\/div>\n\t\t<\/section>\n\t\t<div class=\"elementor-element elementor-element-5420e6b e-flex e-con-boxed e-con e-parent\" data-id=\"5420e6b\" data-element_type=\"container\" data-e-type=\"container\">\n\t\t\t\t\t<div class=\"e-con-inner\">\n\t\t<div class=\"elementor-element elementor-element-2bd764c e-con-full e-flex e-con e-child\" data-id=\"2bd764c\" data-element_type=\"container\" data-e-type=\"container\">\n\t\t\t\t<div class=\"elementor-element elementor-element-c34c364 elementor-widget elementor-widget-text-editor\" data-id=\"c34c364\" data-element_type=\"widget\" data-e-type=\"widget\" data-widget_type=\"text-editor.default\">\n\t\t\t\t<div class=\"elementor-widget-container\">\n\t\t\t\t\t\t\t\t\t<p>Nous sommes heureux de proposer \u00e0 nos clients le service d&#8217;estimation immobili\u00e8re. Nous comprenons l&#8217;importance de cette \u00e9tape cl\u00e9 dans le processus d&#8217;achat, de vente ou de location d&#8217;une propri\u00e9t\u00e9. C&#8217;est pourquoi nous mettons \u00e0 disposition nos professionnels qualifi\u00e9s, tels que des agents immobiliers et des \u00e9valuateurs immobiliers exp\u00e9riment\u00e9s de Concret Immo, pour fournir une estimation pr\u00e9cise et fiable de la valeur de la propri\u00e9t\u00e9.<\/p><p>Chez Concret Immo, nous utilisons une vari\u00e9t\u00e9 de m\u00e9thodes pour d\u00e9terminer la valeur marchande de la propri\u00e9t\u00e9, notamment l&#8217;analyse comparative de march\u00e9, l&#8217;\u00e9valuation physique de la propri\u00e9t\u00e9 et l&#8217;\u00e9valuation des tendances \u00e9conomiques. Gr\u00e2ce \u00e0 ces m\u00e9thodes, nous pouvons fournir une estimation juste et pr\u00e9cise de la valeur de la propri\u00e9t\u00e9, qui tient compte de toutes les caract\u00e9ristiques importantes, telles que l&#8217;emplacement, la taille et les commodit\u00e9s.<\/p><p>En choisissant Concret Immo pour votre estimation immobili\u00e8re, vous pouvez avoir l&#8217;assurance d&#8217;un service professionnel et personnalis\u00e9, adapt\u00e9 \u00e0 vos besoins individuels. Nous sommes l\u00e0 pour vous aider \u00e0 prendre des d\u00e9cisions \u00e9clair\u00e9es et \u00e0 maximiser la valeur de votre propri\u00e9t\u00e9. N&#8217;h\u00e9sitez pas \u00e0 nous contacter pour plus d&#8217;informations sur notre service d&#8217;estimation immobili\u00e8re propos\u00e9 par Concret Immo.<\/p>\t\t\t\t\t\t\t\t<\/div>\n\t\t\t\t<\/div>\n\t\t\t\t<\/div>\n\t\t<div class=\"elementor-element elementor-element-ca59d36 e-con-full e-flex e-con e-child\" data-id=\"ca59d36\" data-element_type=\"container\" data-e-type=\"container\">\n\t\t\t\t<div class=\"elementor-element elementor-element-87355e1 elementor-widget elementor-widget-image\" data-id=\"87355e1\" data-element_type=\"widget\" data-e-type=\"widget\" data-widget_type=\"image.default\">\n\t\t\t\t<div class=\"elementor-widget-container\">\n\t\t\t\t\t\t\t\t\t\t\t\t\t\t\t<img fetchpriority=\"high\" decoding=\"async\" width=\"683\" height=\"1024\" src=\"https:\/\/concretimmo.lu\/wp-content\/uploads\/2023\/04\/real-estate-brokeragents-deliver-sample-houses-to-2023-04-03-22-52-47-utc-683x1024.jpg\" class=\"attachment-large size-large wp-image-10456\" alt=\"\" srcset=\"https:\/\/concretimmo.lu\/wp-content\/uploads\/2023\/04\/real-estate-brokeragents-deliver-sample-houses-to-2023-04-03-22-52-47-utc-683x1024.jpg 683w, https:\/\/concretimmo.lu\/wp-content\/uploads\/2023\/04\/real-estate-brokeragents-deliver-sample-houses-to-2023-04-03-22-52-47-utc-200x300.jpg 200w, https:\/\/concretimmo.lu\/wp-content\/uploads\/2023\/04\/real-estate-brokeragents-deliver-sample-houses-to-2023-04-03-22-52-47-utc-768x1152.jpg 768w, https:\/\/concretimmo.lu\/wp-content\/uploads\/2023\/04\/real-estate-brokeragents-deliver-sample-houses-to-2023-04-03-22-52-47-utc-1024x1536.jpg 1024w, https:\/\/concretimmo.lu\/wp-content\/uploads\/2023\/04\/real-estate-brokeragents-deliver-sample-houses-to-2023-04-03-22-52-47-utc-1365x2048.jpg 1365w, https:\/\/concretimmo.lu\/wp-content\/uploads\/2023\/04\/real-estate-brokeragents-deliver-sample-houses-to-2023-04-03-22-52-47-utc-8x12.jpg 8w, https:\/\/concretimmo.lu\/wp-content\/uploads\/2023\/04\/real-estate-brokeragents-deliver-sample-houses-to-2023-04-03-22-52-47-utc-100x150.jpg 100w, https:\/\/concretimmo.lu\/wp-content\/uploads\/2023\/04\/real-estate-brokeragents-deliver-sample-houses-to-2023-04-03-22-52-47-utc-scaled.jpg 1707w\" sizes=\"(max-width: 683px) 100vw, 683px\" \/>\t\t\t\t\t\t\t\t\t\t\t\t\t\t\t<\/div>\n\t\t\t\t<\/div>\n\t\t\t\t<\/div>\n\t\t\t\t\t<\/div>\n\t\t\t\t<\/div>\n\t\t\t\t<section class=\"elementor-section elementor-top-section elementor-element elementor-element-88bc77c elementor-section-stretched elementor-section-boxed elementor-section-height-default elementor-section-height-default\" data-id=\"88bc77c\" data-element_type=\"section\" data-e-type=\"section\" data-settings=\"{&quot;stretch_section&quot;:&quot;section-stretched&quot;,&quot;animation&quot;:&quot;none&quot;,&quot;background_background&quot;:&quot;classic&quot;}\">\n\t\t\t\t\t\t\t<div class=\"elementor-background-overlay\"><\/div>\n\t\t\t\t\t\t\t<div class=\"elementor-container elementor-column-gap-no\">\n\t\t\t\t\t<div class=\"elementor-column elementor-col-100 elementor-top-column elementor-element elementor-element-04b364f\" data-id=\"04b364f\" data-element_type=\"column\" data-e-type=\"column\" data-settings=\"{&quot;background_background&quot;:&quot;classic&quot;}\">\n\t\t\t<div class=\"elementor-widget-wrap elementor-element-populated\">\n\t\t\t\t\t\t<section class=\"elementor-section elementor-inner-section elementor-element elementor-element-d5a6aeb elementor-section-boxed elementor-section-height-default elementor-section-height-default\" data-id=\"d5a6aeb\" data-element_type=\"section\" data-e-type=\"section\">\n\t\t\t\t\t\t<div class=\"elementor-container elementor-column-gap-default\">\n\t\t\t\t\t<div class=\"elementor-column elementor-col-100 elementor-inner-column elementor-element elementor-element-17b86e3\" data-id=\"17b86e3\" data-element_type=\"column\" data-e-type=\"column\">\n\t\t\t<div class=\"elementor-widget-wrap elementor-element-populated\">\n\t\t\t\t\t\t<div class=\"elementor-element elementor-element-c4def1e elementor-widget elementor-widget-heading\" data-id=\"c4def1e\" data-element_type=\"widget\" data-e-type=\"widget\" data-widget_type=\"heading.default\">\n\t\t\t\t<div class=\"elementor-widget-container\">\n\t\t\t\t\t<h2 class=\"elementor-heading-title elementor-size-default\">Information Request<\/h2>\t\t\t\t<\/div>\n\t\t\t\t<\/div>\n\t\t\t\t<div class=\"elementor-element elementor-element-9f2294a elementor-widget elementor-widget-shortcode\" data-id=\"9f2294a\" data-element_type=\"widget\" data-e-type=\"widget\" data-widget_type=\"shortcode.default\">\n\t\t\t\t<div class=\"elementor-widget-container\">\n\t\t\t\t\t\t\t<div class=\"elementor-shortcode\"><div class=\"wpforms-container wpforms-container-full\" id=\"wpforms-9216\"><form id=\"wpforms-form-9216\" class=\"wpforms-validate wpforms-form wpforms-ajax-form\" data-formid=\"9216\" method=\"post\" enctype=\"multipart\/form-data\" action=\"\/fr\/wp-json\/wp\/v2\/pages\/7736\" data-token=\"3626fad4cf77ba17b3d0dcc2732a35e7\" data-token-time=\"1778761510\"><noscript class=\"wpforms-error-noscript\">Veuillez activer JavaScript dans votre navigateur pour remplir ce formulaire.<\/noscript><div class=\"wpforms-field-container\"><div id=\"wpforms-9216-field_0-container\" class=\"wpforms-field wpforms-field-name\" data-field-id=\"0\"><label class=\"wpforms-field-label\" for=\"wpforms-9216-field_0\">Name <span class=\"wpforms-required-label\">*<\/span><\/label><input type=\"text\" id=\"wpforms-9216-field_0\" class=\"wpforms-field-medium wpforms-field-required\" name=\"wpforms[fields][0]\" required><\/div><div id=\"wpforms-9216-field_1-container\" class=\"wpforms-field wpforms-field-email\" data-field-id=\"1\"><label class=\"wpforms-field-label\" for=\"wpforms-9216-field_1\">Email <span class=\"wpforms-required-label\">*<\/span><\/label><input type=\"email\" id=\"wpforms-9216-field_1\" class=\"wpforms-field-medium wpforms-field-required\" name=\"wpforms[fields][1]\" spellcheck=\"false\" required><\/div><div id=\"wpforms-9216-field_8-container\" class=\"wpforms-field wpforms-field-text\" data-field-id=\"8\"><label class=\"wpforms-field-label\" for=\"wpforms-9216-field_8\">Phone<\/label><input type=\"text\" id=\"wpforms-9216-field_8\" class=\"wpforms-field-medium\" name=\"wpforms[fields][8]\" ><\/div><div id=\"wpforms-9216-field_4-container\" class=\"wpforms-field wpforms-field-select wpforms-field-select-style-classic\" data-field-id=\"4\"><label class=\"wpforms-field-label\" for=\"wpforms-9216-field_4\">Information Request <span class=\"wpforms-required-label\">*<\/span><\/label><select id=\"wpforms-9216-field_4\" class=\"wpforms-field-medium wpforms-field-required\" name=\"wpforms[fields][4]\" required=\"required\"><option value=\"Click to select\"  class=\"choice-5 depth-1\"  >Click to select<\/option><option value=\"Appartement\"  class=\"choice-1 depth-1\"  >Appartement<\/option><option value=\"House\"  class=\"choice-2 depth-1\"  >House<\/option><option value=\"Land\"  class=\"choice-3 depth-1\"  >Land<\/option><option value=\"Other\"  class=\"choice-4 depth-1\"  >Other<\/option><\/select><\/div><div id=\"wpforms-9216-field_2-container\" class=\"wpforms-field wpforms-field-textarea\" data-field-id=\"2\"><label class=\"wpforms-field-label\" for=\"wpforms-9216-field_2\">Message <span class=\"wpforms-required-label\">*<\/span><\/label><textarea id=\"wpforms-9216-field_2\" class=\"wpforms-field-medium wpforms-field-required\" name=\"wpforms[fields][2]\" required><\/textarea><\/div><div id=\"wpforms-9216-field_5-container\" class=\"wpforms-field wpforms-field-checkbox\" data-field-id=\"5\"><label class=\"wpforms-field-label\">Accord RGPG <span class=\"wpforms-required-label\">*<\/span><\/label><ul id=\"wpforms-9216-field_5\" class=\"wpforms-field-required\"><li class=\"choice-1 depth-1\"><input type=\"checkbox\" id=\"wpforms-9216-field_5_1\" name=\"wpforms[fields][5][]\" value=\"Je consens \u00e0 ce que ce site Web stocke les informations que j&#039;ai fournies conform\u00e9ment \u00e0 la Politique de Confidentialit\u00e9.\" required ><label class=\"wpforms-field-label-inline\" for=\"wpforms-9216-field_5_1\">Je consens \u00e0 ce que ce site Web stocke les informations que j'ai fournies conform\u00e9ment \u00e0 la Politique de Confidentialit\u00e9.<\/label><\/li><\/ul><\/div><\/div><!-- .wpforms-field-container --><div class=\"wpforms-submit-container\" ><input type=\"hidden\" name=\"wpforms[id]\" value=\"9216\"><input type=\"hidden\" name=\"page_title\" value=\"\"><input type=\"hidden\" name=\"page_url\" value=\"https:\/\/concretimmo.lu\/fr\/wp-json\/wp\/v2\/pages\/7736\"><input type=\"hidden\" name=\"url_referer\" value=\"\"><button type=\"submit\" name=\"wpforms[submit]\" id=\"wpforms-submit-9216\" class=\"wpforms-submit\" data-alt-text=\"Sending...\" data-submit-text=\"Submit\" aria-live=\"assertive\" value=\"wpforms-submit\">Submit<\/button><img decoding=\"async\" src=\"https:\/\/concretimmo.lu\/wp-content\/plugins\/wpforms-lite\/assets\/images\/submit-spin.svg\" class=\"wpforms-submit-spinner\" style=\"display: none;\" width=\"26\" height=\"26\" alt=\"Chargement en cours\"><\/div><input type=\"hidden\" id=\"ct_checkjs_wpforms_1e056d2b0ebd5c878c550da6ac5d3724\" name=\"ct_checkjs_wpforms\" value=\"0\" \/><script>setTimeout(function(){var ct_input_name = \"ct_checkjs_wpforms_1e056d2b0ebd5c878c550da6ac5d3724\";if (document.getElementById(ct_input_name) !== null) {var ct_input_value = document.getElementById(ct_input_name).value;document.getElementById(ct_input_name).value = document.getElementById(ct_input_name).value.replace(ct_input_value, '214f4b73965bfd8910fa04f5a83b3353953012420011119c3d2e3453498f70d1');}}, 1000);<\/script><input\n                    class=\"apbct_special_field apbct_email_id__wp_wpforms\"\n                    name=\"apbct__email_id__wp_wpforms\"\n                    aria-label=\"apbct__label_id__wp_wpforms\"\n                    type=\"text\" size=\"30\" maxlength=\"200\" autocomplete=\"off\"\n                    value=\"\"\n                \/><\/form><\/div>  <!-- .wpforms-container --><\/div>\n\t\t\t\t\t\t<\/div>\n\t\t\t\t<\/div>\n\t\t\t\t<div class=\"elementor-element elementor-element-2d444e4 elementor-widget elementor-widget-text-editor\" data-id=\"2d444e4\" data-element_type=\"widget\" data-e-type=\"widget\" data-widget_type=\"text-editor.default\">\n\t\t\t\t<div class=\"elementor-widget-container\">\n\t\t\t\t\t\t\t\t\t<p><a href=\"https:\/\/concretimmo.lu\/privacy-policy\" target=\"_blank\" rel=\"noopener\">Privacy Policy<\/a><\/p>\t\t\t\t\t\t\t\t<\/div>\n\t\t\t\t<\/div>\n\t\t\t\t\t<\/div>\n\t\t<\/div>\n\t\t\t\t\t<\/div>\n\t\t<\/section>\n\t\t\t\t\t<\/div>\n\t\t<\/div>\n\t\t\t\t\t<\/div>\n\t\t<\/section>\n\t\t<div class=\"elementor-element elementor-element-780794a e-con-full e-flex e-con e-parent\" data-id=\"780794a\" data-element_type=\"container\" data-e-type=\"container\" data-settings=\"{&quot;background_background&quot;:&quot;gradient&quot;}\">\n\t\t<div class=\"elementor-element elementor-element-12f99da e-con-full e-flex e-con e-child\" data-id=\"12f99da\" data-element_type=\"container\" data-e-type=\"container\">\n\t\t\t\t<div class=\"elementor-element elementor-element-863a0bd elementor-align-justify animated-slow elementor-mobile-align-justify elementor-invisible elementor-widget elementor-widget-button\" data-id=\"863a0bd\" data-element_type=\"widget\" data-e-type=\"widget\" data-settings=\"{&quot;_animation&quot;:&quot;fadeIn&quot;}\" data-widget_type=\"button.default\">\n\t\t\t\t<div class=\"elementor-widget-container\">\n\t\t\t\t\t\t\t\t\t<div class=\"elementor-button-wrapper\">\n\t\t\t\t\t<a class=\"elementor-button elementor-button-link elementor-size-sm\" href=\"https:\/\/concretimmo.lu\/fr\/agent\/victor-martins\/\">\n\t\t\t\t\t\t<span class=\"elementor-button-content-wrapper\">\n\t\t\t\t\t\t\t\t\t<span class=\"elementor-button-text\">VICTOR<\/span>\n\t\t\t\t\t<\/span>\n\t\t\t\t\t<\/a>\n\t\t\t\t<\/div>\n\t\t\t\t\t\t\t\t<\/div>\n\t\t\t\t<\/div>\n\t\t\t\t<\/div>\n\t\t<div class=\"elementor-element elementor-element-1210ad0 e-con-full e-flex e-con e-child\" data-id=\"1210ad0\" data-element_type=\"container\" data-e-type=\"container\">\n\t\t\t\t<div class=\"elementor-element elementor-element-d3f0ce8 elementor-align-justify animated-slow elementor-mobile-align-justify elementor-invisible elementor-widget elementor-widget-button\" data-id=\"d3f0ce8\" data-element_type=\"widget\" data-e-type=\"widget\" data-settings=\"{&quot;_animation&quot;:&quot;fadeIn&quot;}\" data-widget_type=\"button.default\">\n\t\t\t\t<div class=\"elementor-widget-container\">\n\t\t\t\t\t\t\t\t\t<div class=\"elementor-button-wrapper\">\n\t\t\t\t\t<a class=\"elementor-button elementor-button-link elementor-size-sm\" href=\"https:\/\/concretimmo.lu\/fr\/agent\/susana-marques\/\">\n\t\t\t\t\t\t<span class=\"elementor-button-content-wrapper\">\n\t\t\t\t\t\t\t\t\t<span class=\"elementor-button-text\">SUSANA<\/span>\n\t\t\t\t\t<\/span>\n\t\t\t\t\t<\/a>\n\t\t\t\t<\/div>\n\t\t\t\t\t\t\t\t<\/div>\n\t\t\t\t<\/div>\n\t\t\t\t<\/div>\n\t\t<div class=\"elementor-element elementor-element-eb9c585 e-con-full e-flex e-con e-child\" data-id=\"eb9c585\" data-element_type=\"container\" data-e-type=\"container\">\n\t\t\t\t<div class=\"elementor-element elementor-element-873a0d7 elementor-align-justify animated-slow elementor-mobile-align-justify elementor-invisible elementor-widget elementor-widget-button\" data-id=\"873a0d7\" data-element_type=\"widget\" data-e-type=\"widget\" data-settings=\"{&quot;_animation&quot;:&quot;fadeIn&quot;}\" data-widget_type=\"button.default\">\n\t\t\t\t<div class=\"elementor-widget-container\">\n\t\t\t\t\t\t\t\t\t<div class=\"elementor-button-wrapper\">\n\t\t\t\t\t<a class=\"elementor-button elementor-button-link elementor-size-sm\" href=\"mailto:%20info@concretimmo.lu\">\n\t\t\t\t\t\t<span class=\"elementor-button-content-wrapper\">\n\t\t\t\t\t\t\t\t\t<span class=\"elementor-button-text\">EMAIL<\/span>\n\t\t\t\t\t<\/span>\n\t\t\t\t\t<\/a>\n\t\t\t\t<\/div>\n\t\t\t\t\t\t\t\t<\/div>\n\t\t\t\t<\/div>\n\t\t\t\t<\/div>\n\t\t<div class=\"elementor-element elementor-element-5fe1286 e-con-full e-flex e-con e-child\" data-id=\"5fe1286\" data-element_type=\"container\" data-e-type=\"container\">\n\t\t\t\t<div class=\"elementor-element elementor-element-ebd3b86 elementor-align-justify animated-slow elementor-mobile-align-justify elementor-invisible elementor-widget elementor-widget-button\" data-id=\"ebd3b86\" data-element_type=\"widget\" data-e-type=\"widget\" data-settings=\"{&quot;_animation&quot;:&quot;fadeIn&quot;}\" data-widget_type=\"button.default\">\n\t\t\t\t<div class=\"elementor-widget-container\">\n\t\t\t\t\t\t\t\t\t<div class=\"elementor-button-wrapper\">\n\t\t\t\t\t<a class=\"elementor-button elementor-button-link elementor-size-sm\" href=\"tel:00352621548115\">\n\t\t\t\t\t\t<span class=\"elementor-button-content-wrapper\">\n\t\t\t\t\t\t\t\t\t<span class=\"elementor-button-text\">PHONE<\/span>\n\t\t\t\t\t<\/span>\n\t\t\t\t\t<\/a>\n\t\t\t\t<\/div>\n\t\t\t\t\t\t\t\t<\/div>\n\t\t\t\t<\/div>\n\t\t\t\t<\/div>\n\t\t\t\t<\/div>\n\t\t\t\t<\/div>\n\t\t","protected":false},"excerpt":{"rendered":"<p>Estimation Nous sommes heureux de proposer \u00e0 nos clients le service d'estimation immobili\u00e8re. Nous comprenons l'importance de cette \u00e9tape cl\u00e9 dans le processus d'achat, de vente ou de location d'une propri\u00e9t\u00e9. C'est pourquoi nous mettons \u00e0 disposition nos professionnels qualifi\u00e9s, tels que des agents immobiliers et des \u00e9valuateurs immobiliers exp\u00e9riment\u00e9s de Concret Immo, pour fournir...<\/p>","protected":false},"author":2,"featured_media":0,"parent":0,"menu_order":4,"comment_status":"closed","ping_status":"closed","template":"templates\/home.php","meta":{"om_disable_all_campaigns":false,"_monsterinsights_skip_tracking":false,"_monsterinsights_sitenote_active":false,"_monsterinsights_sitenote_note":"","_monsterinsights_sitenote_category":0,"_uf_show_specific_survey":0,"_uf_disable_surveys":false,"footnotes":""},"class_list":["post-7736","page","type-page","status-publish","hentry"],"aioseo_notices":[],"_links":{"self":[{"href":"https:\/\/concretimmo.lu\/fr\/wp-json\/wp\/v2\/pages\/7736","targetHints":{"allow":["GET"]}}],"collection":[{"href":"https:\/\/concretimmo.lu\/fr\/wp-json\/wp\/v2\/pages"}],"about":[{"href":"https:\/\/concretimmo.lu\/fr\/wp-json\/wp\/v2\/types\/page"}],"author":[{"embeddable":true,"href":"https:\/\/concretimmo.lu\/fr\/wp-json\/wp\/v2\/users\/2"}],"replies":[{"embeddable":true,"href":"https:\/\/concretimmo.lu\/fr\/wp-json\/wp\/v2\/comments?post=7736"}],"version-history":[{"count":257,"href":"https:\/\/concretimmo.lu\/fr\/wp-json\/wp\/v2\/pages\/7736\/revisions"}],"predecessor-version":[{"id":12362,"href":"https:\/\/concretimmo.lu\/fr\/wp-json\/wp\/v2\/pages\/7736\/revisions\/12362"}],"wp:attachment":[{"href":"https:\/\/concretimmo.lu\/fr\/wp-json\/wp\/v2\/media?parent=7736"}],"curies":[{"name":"wp","href":"https:\/\/api.w.org\/{rel}","templated":true}]}}