{"id":7593,"date":"2023-01-16T02:43:57","date_gmt":"2023-01-16T01:43:57","guid":{"rendered":"https:\/\/concretimmo.lu\/?page_id=7593"},"modified":"2024-01-23T18:10:59","modified_gmt":"2024-01-23T16:10:59","slug":"nous","status":"publish","type":"page","link":"https:\/\/concretimmo.lu\/fr\/about\/","title":{"rendered":"\u00c0 propos de"},"content":{"rendered":"<div data-elementor-type=\"wp-post\" data-elementor-id=\"7593\" class=\"elementor elementor-7593\" data-elementor-post-type=\"page\">\n\t\t\t\t\t\t<section class=\"elementor-section elementor-top-section elementor-element elementor-element-82e1592 elementor-section-boxed elementor-section-height-default elementor-section-height-default\" data-id=\"82e1592\" data-element_type=\"section\" data-e-type=\"section\">\n\t\t\t\t\t\t<div class=\"elementor-container elementor-column-gap-default\">\n\t\t\t\t\t<div class=\"elementor-column elementor-col-100 elementor-top-column elementor-element elementor-element-1d7a22b\" data-id=\"1d7a22b\" data-element_type=\"column\" data-e-type=\"column\">\n\t\t\t<div class=\"elementor-widget-wrap elementor-element-populated\">\n\t\t\t\t\t\t<div class=\"elementor-element elementor-element-85c0912 elementor-widget elementor-widget-heading\" data-id=\"85c0912\" data-element_type=\"widget\" data-e-type=\"widget\" data-widget_type=\"heading.default\">\n\t\t\t\t<div class=\"elementor-widget-container\">\n\t\t\t\t\t<h2 class=\"elementor-heading-title elementor-size-default\">\u00c0 propos de nous<\/h2>\t\t\t\t<\/div>\n\t\t\t\t<\/div>\n\t\t\t\t<section class=\"elementor-section elementor-inner-section elementor-element elementor-element-35ed201 elementor-section-boxed elementor-section-height-default elementor-section-height-default\" data-id=\"35ed201\" data-element_type=\"section\" data-e-type=\"section\">\n\t\t\t\t\t\t<div class=\"elementor-container elementor-column-gap-default\">\n\t\t\t\t\t<div class=\"elementor-column elementor-col-50 elementor-inner-column elementor-element elementor-element-8fb90c2\" data-id=\"8fb90c2\" data-element_type=\"column\" data-e-type=\"column\">\n\t\t\t<div class=\"elementor-widget-wrap elementor-element-populated\">\n\t\t\t\t\t\t<div class=\"elementor-element elementor-element-61fb721 elementor-widget elementor-widget-text-editor\" data-id=\"61fb721\" data-element_type=\"widget\" data-e-type=\"widget\" data-widget_type=\"text-editor.default\">\n\t\t\t\t<div class=\"elementor-widget-container\">\n\t\t\t\t\t\t\t\t\t<p>Bienvenue chez Concret Immo, une agence immobili\u00e8re sp\u00e9cialis\u00e9e dans la vente, l'achat et la location de biens immobiliers de qualit\u00e9. Nous sommes fiers de proposer \u00e0 nos clients un service personnalis\u00e9, professionnel et de haute qualit\u00e9 pour r\u00e9pondre \u00e0 tous leurs besoins en mati\u00e8re d'immobilier.<\/p>\n<p>Chez Concret Immo, nous comprenons que l'achat, la vente ou la location d'un bien immobilier peut \u00eatre une \u00e9tape importante et stressante de la vie. C'est pourquoi nous mettons \u00e0 disposition notre expertise et notre exp\u00e9rience pour vous guider \u00e0 travers tout le processus. Nous travaillons en \u00e9troite collaboration avec nos clients pour comprendre leurs besoins et leurs souhaits, afin de trouver la propri\u00e9t\u00e9 parfaite pour eux.<\/p>\n<p>Notre \u00e9quipe de professionnels de l'immobilier exp\u00e9riment\u00e9s est l\u00e0 pour vous accompagner dans chaque \u00e9tape du processus, de la recherche initiale jusqu'\u00e0 la conclusion de la transaction. Nous nous engageons \u00e0 fournir un service client exceptionnel et \u00e0 faire de l'achat, de la vente ou de la location d'un bien immobilier une exp\u00e9rience agr\u00e9able et sans stress.<\/p>\n<p>Nous proposons une large s\u00e9lection de propri\u00e9t\u00e9s, des appartements modernes aux maisons de campagne luxueuses en passant par les immeubles de bureaux. Nous sommes \u00e9galement sp\u00e9cialis\u00e9s dans les propri\u00e9t\u00e9s de prestige et les propri\u00e9t\u00e9s haut de gamme.<\/p>\n<p>Chez Concret Immo, nous sommes passionn\u00e9s par l'immobilier et nous sommes fiers de fournir \u00e0 nos clients un service de qualit\u00e9 sup\u00e9rieure. N'h\u00e9sitez pas \u00e0 nous contacter pour plus d'informations sur nos services immobiliers ou pour discuter de vos besoins en mati\u00e8re d'immobilier. Nous sommes l\u00e0 pour vous aider \u00e0 trouver la propri\u00e9t\u00e9 parfaite pour vous.<\/p>\n<p>Vous trouverez les r\u00e9ponses \u00e0 certaines questions fr\u00e9quemment pos\u00e9es en cliquant <a href=\"https:\/\/concretimmo.lu\/fr\/faqs\/\">ICI.<\/a><\/p>\n<p><\/p>\t\t\t\t\t\t\t\t<\/div>\n\t\t\t\t<\/div>\n\t\t\t\t\t<\/div>\n\t\t<\/div>\n\t\t\t\t<div class=\"elementor-column elementor-col-50 elementor-inner-column elementor-element elementor-element-9b77e5c\" data-id=\"9b77e5c\" data-element_type=\"column\" data-e-type=\"column\" data-settings=\"{&quot;background_background&quot;:&quot;classic&quot;}\">\n\t\t\t<div class=\"elementor-widget-wrap elementor-element-populated\">\n\t\t\t\t\t\t<div class=\"elementor-element elementor-element-99d34e5 elementor-widget elementor-widget-image\" data-id=\"99d34e5\" data-element_type=\"widget\" data-e-type=\"widget\" data-widget_type=\"image.default\">\n\t\t\t\t<div class=\"elementor-widget-container\">\n\t\t\t\t\t\t\t\t\t\t\t\t\t\t\t<img fetchpriority=\"high\" decoding=\"async\" width=\"683\" height=\"1024\" src=\"https:\/\/concretimmo.lu\/wp-content\/uploads\/2023\/04\/real-estate-concept-keys-with-a-house-shaped-keyc-2022-11-11-18-23-26-utc-683x1024.jpg\" class=\"attachment-large size-large wp-image-10458\" alt=\"\" srcset=\"https:\/\/concretimmo.lu\/wp-content\/uploads\/2023\/04\/real-estate-concept-keys-with-a-house-shaped-keyc-2022-11-11-18-23-26-utc-683x1024.jpg 683w, https:\/\/concretimmo.lu\/wp-content\/uploads\/2023\/04\/real-estate-concept-keys-with-a-house-shaped-keyc-2022-11-11-18-23-26-utc-200x300.jpg 200w, https:\/\/concretimmo.lu\/wp-content\/uploads\/2023\/04\/real-estate-concept-keys-with-a-house-shaped-keyc-2022-11-11-18-23-26-utc-768x1152.jpg 768w, https:\/\/concretimmo.lu\/wp-content\/uploads\/2023\/04\/real-estate-concept-keys-with-a-house-shaped-keyc-2022-11-11-18-23-26-utc-1024x1536.jpg 1024w, https:\/\/concretimmo.lu\/wp-content\/uploads\/2023\/04\/real-estate-concept-keys-with-a-house-shaped-keyc-2022-11-11-18-23-26-utc-1365x2048.jpg 1365w, https:\/\/concretimmo.lu\/wp-content\/uploads\/2023\/04\/real-estate-concept-keys-with-a-house-shaped-keyc-2022-11-11-18-23-26-utc-8x12.jpg 8w, https:\/\/concretimmo.lu\/wp-content\/uploads\/2023\/04\/real-estate-concept-keys-with-a-house-shaped-keyc-2022-11-11-18-23-26-utc-100x150.jpg 100w, https:\/\/concretimmo.lu\/wp-content\/uploads\/2023\/04\/real-estate-concept-keys-with-a-house-shaped-keyc-2022-11-11-18-23-26-utc-scaled.jpg 1707w\" sizes=\"(max-width: 683px) 100vw, 683px\" \/>\t\t\t\t\t\t\t\t\t\t\t\t\t\t\t<\/div>\n\t\t\t\t<\/div>\n\t\t\t\t\t<\/div>\n\t\t<\/div>\n\t\t\t\t\t<\/div>\n\t\t<\/section>\n\t\t\t\t\t<\/div>\n\t\t<\/div>\n\t\t\t\t\t<\/div>\n\t\t<\/section>\n\t\t<div class=\"elementor-element elementor-element-3a999ee e-con-full e-flex e-con e-parent\" data-id=\"3a999ee\" data-element_type=\"container\" data-e-type=\"container\" data-settings=\"{&quot;background_background&quot;:&quot;gradient&quot;}\">\n\t\t<div class=\"elementor-element elementor-element-fe6dd25 e-con-full e-flex e-con e-child\" data-id=\"fe6dd25\" data-element_type=\"container\" data-e-type=\"container\">\n\t\t\t\t<div class=\"elementor-element elementor-element-e82f14d elementor-align-justify animated-slow elementor-mobile-align-justify elementor-invisible elementor-widget elementor-widget-button\" data-id=\"e82f14d\" data-element_type=\"widget\" data-e-type=\"widget\" data-settings=\"{&quot;_animation&quot;:&quot;fadeIn&quot;}\" data-widget_type=\"button.default\">\n\t\t\t\t<div class=\"elementor-widget-container\">\n\t\t\t\t\t\t\t\t\t<div class=\"elementor-button-wrapper\">\n\t\t\t\t\t<a class=\"elementor-button elementor-button-link elementor-size-sm\" href=\"https:\/\/concretimmo.lu\/fr\/agent\/victor-martins\/\">\n\t\t\t\t\t\t<span class=\"elementor-button-content-wrapper\">\n\t\t\t\t\t\t\t\t\t<span class=\"elementor-button-text\">VICTOR<\/span>\n\t\t\t\t\t<\/span>\n\t\t\t\t\t<\/a>\n\t\t\t\t<\/div>\n\t\t\t\t\t\t\t\t<\/div>\n\t\t\t\t<\/div>\n\t\t\t\t<\/div>\n\t\t<div class=\"elementor-element elementor-element-b5961b4 e-con-full e-flex e-con e-child\" data-id=\"b5961b4\" data-element_type=\"container\" data-e-type=\"container\">\n\t\t\t\t<div class=\"elementor-element elementor-element-6cf4e06 elementor-align-justify animated-slow elementor-mobile-align-justify elementor-invisible elementor-widget elementor-widget-button\" data-id=\"6cf4e06\" data-element_type=\"widget\" data-e-type=\"widget\" data-settings=\"{&quot;_animation&quot;:&quot;fadeIn&quot;}\" data-widget_type=\"button.default\">\n\t\t\t\t<div class=\"elementor-widget-container\">\n\t\t\t\t\t\t\t\t\t<div class=\"elementor-button-wrapper\">\n\t\t\t\t\t<a class=\"elementor-button elementor-button-link elementor-size-sm\" href=\"https:\/\/concretimmo.lu\/fr\/agent\/susana-marques\/\">\n\t\t\t\t\t\t<span class=\"elementor-button-content-wrapper\">\n\t\t\t\t\t\t\t\t\t<span class=\"elementor-button-text\">SUSANA<\/span>\n\t\t\t\t\t<\/span>\n\t\t\t\t\t<\/a>\n\t\t\t\t<\/div>\n\t\t\t\t\t\t\t\t<\/div>\n\t\t\t\t<\/div>\n\t\t\t\t<\/div>\n\t\t<div class=\"elementor-element elementor-element-18717f8 e-con-full e-flex e-con e-child\" data-id=\"18717f8\" data-element_type=\"container\" data-e-type=\"container\">\n\t\t\t\t<div class=\"elementor-element elementor-element-557c0a4 elementor-align-justify animated-slow elementor-mobile-align-justify elementor-invisible elementor-widget elementor-widget-button\" data-id=\"557c0a4\" data-element_type=\"widget\" data-e-type=\"widget\" data-settings=\"{&quot;_animation&quot;:&quot;fadeIn&quot;}\" data-widget_type=\"button.default\">\n\t\t\t\t<div class=\"elementor-widget-container\">\n\t\t\t\t\t\t\t\t\t<div class=\"elementor-button-wrapper\">\n\t\t\t\t\t<a class=\"elementor-button elementor-button-link elementor-size-sm\" href=\"mailto:%20info@concretimmo.lu\">\n\t\t\t\t\t\t<span class=\"elementor-button-content-wrapper\">\n\t\t\t\t\t\t\t\t\t<span class=\"elementor-button-text\">EMAIL<\/span>\n\t\t\t\t\t<\/span>\n\t\t\t\t\t<\/a>\n\t\t\t\t<\/div>\n\t\t\t\t\t\t\t\t<\/div>\n\t\t\t\t<\/div>\n\t\t\t\t<\/div>\n\t\t<div class=\"elementor-element elementor-element-f116817 e-con-full e-flex e-con e-child\" data-id=\"f116817\" data-element_type=\"container\" data-e-type=\"container\">\n\t\t\t\t<div class=\"elementor-element elementor-element-91ed386 elementor-align-justify animated-slow elementor-mobile-align-justify elementor-invisible elementor-widget elementor-widget-button\" data-id=\"91ed386\" data-element_type=\"widget\" data-e-type=\"widget\" data-settings=\"{&quot;_animation&quot;:&quot;fadeIn&quot;}\" data-widget_type=\"button.default\">\n\t\t\t\t<div class=\"elementor-widget-container\">\n\t\t\t\t\t\t\t\t\t<div class=\"elementor-button-wrapper\">\n\t\t\t\t\t<a class=\"elementor-button elementor-button-link elementor-size-sm\" href=\"tel:00352621548115\">\n\t\t\t\t\t\t<span class=\"elementor-button-content-wrapper\">\n\t\t\t\t\t\t\t\t\t<span class=\"elementor-button-text\">T\u00c9L\u00c9PHONE<\/span>\n\t\t\t\t\t<\/span>\n\t\t\t\t\t<\/a>\n\t\t\t\t<\/div>\n\t\t\t\t\t\t\t\t<\/div>\n\t\t\t\t<\/div>\n\t\t\t\t<\/div>\n\t\t\t\t<\/div>\n\t\t\t\t<\/div>","protected":false},"excerpt":{"rendered":"<p>About Us Bienvenue chez Concret Immo, une agence immobili\u00e8re sp\u00e9cialis\u00e9e dans la vente, l'achat et la location de biens immobiliers de qualit\u00e9. Nous sommes fiers de proposer \u00e0 nos clients un service personnalis\u00e9, professionnel et de haute qualit\u00e9 pour r\u00e9pondre \u00e0 tous leurs besoins en mati\u00e8re d'immobilier. Chez Concret Immo, nous comprenons que l'achat, la...<\/p>","protected":false},"author":2,"featured_media":0,"parent":0,"menu_order":5,"comment_status":"closed","ping_status":"closed","template":"templates\/home.php","meta":{"om_disable_all_campaigns":false,"_monsterinsights_skip_tracking":false,"_monsterinsights_sitenote_active":false,"_monsterinsights_sitenote_note":"","_monsterinsights_sitenote_category":0,"_uf_show_specific_survey":0,"_uf_disable_surveys":false,"footnotes":""},"class_list":["post-7593","page","type-page","status-publish","hentry"],"aioseo_notices":[],"_links":{"self":[{"href":"https:\/\/concretimmo.lu\/fr\/wp-json\/wp\/v2\/pages\/7593","targetHints":{"allow":["GET"]}}],"collection":[{"href":"https:\/\/concretimmo.lu\/fr\/wp-json\/wp\/v2\/pages"}],"about":[{"href":"https:\/\/concretimmo.lu\/fr\/wp-json\/wp\/v2\/types\/page"}],"author":[{"embeddable":true,"href":"https:\/\/concretimmo.lu\/fr\/wp-json\/wp\/v2\/users\/2"}],"replies":[{"embeddable":true,"href":"https:\/\/concretimmo.lu\/fr\/wp-json\/wp\/v2\/comments?post=7593"}],"version-history":[{"count":196,"href":"https:\/\/concretimmo.lu\/fr\/wp-json\/wp\/v2\/pages\/7593\/revisions"}],"predecessor-version":[{"id":12350,"href":"https:\/\/concretimmo.lu\/fr\/wp-json\/wp\/v2\/pages\/7593\/revisions\/12350"}],"wp:attachment":[{"href":"https:\/\/concretimmo.lu\/fr\/wp-json\/wp\/v2\/media?parent=7593"}],"curies":[{"name":"wp","href":"https:\/\/api.w.org\/{rel}","templated":true}]}}